{"id":1745,"date":"2020-04-08T23:47:03","date_gmt":"2020-04-09T02:47:03","guid":{"rendered":"https:\/\/modanaweb.com.br\/site\/publicar-um-anuncio\/"},"modified":"2025-06-07T16:46:25","modified_gmt":"2025-06-07T19:46:25","slug":"publicar-um-anuncio","status":"publish","type":"page","link":"https:\/\/www.modanaweb.com.br\/site\/publicar-um-anuncio\/","title":{"rendered":"Publicar um an\u00fancio"},"content":{"rendered":"\t\t<div data-elementor-type=\"wp-page\" data-elementor-id=\"1745\" class=\"elementor elementor-1745\" data-elementor-settings=\"[]\">\n\t\t\t\t\t\t<div class=\"elementor-inner\">\n\t\t\t\t\t\t\t<div class=\"elementor-section-wrap\">\n\t\t\t\t\t\t\t<section class=\"elementor-section elementor-top-section elementor-element elementor-element-23ee2451 elementor-section-boxed elementor-section-height-default elementor-section-height-default\" data-id=\"23ee2451\" data-element_type=\"section\">\n\t\t\t\t\t\t<div class=\"elementor-container elementor-column-gap-default\">\n\t\t\t\t\t\t\t<div class=\"elementor-row\">\n\t\t\t\t\t<div class=\"elementor-column elementor-col-100 elementor-top-column elementor-element elementor-element-338f850b\" data-id=\"338f850b\" data-element_type=\"column\">\n\t\t\t<div class=\"elementor-column-wrap elementor-element-populated\">\n\t\t\t\t\t\t\t<div class=\"elementor-widget-wrap\">\n\t\t\t\t\t\t<div class=\"elementor-element elementor-element-fbaf5bb elementor-widget elementor-widget-text-editor\" data-id=\"fbaf5bb\" data-element_type=\"widget\" data-widget_type=\"text-editor.default\">\n\t\t\t\t<div class=\"elementor-widget-container\">\n\t\t\t\t\t\t\t\t<div class=\"elementor-text-editor elementor-clearfix\">\n\t\t\t\t<p><img decoding=\"async\" loading=\"lazy\" class=\"wp-image-2672 alignleft\" src=\"https:\/\/modanaweb.com.br\/site\/wp-content\/uploads\/2020\/07\/ferramentas-da-internet-anuncios-online-entenda-mais-470x408-1-300x260.png\" alt=\"publicar um anuncio\" width=\"312\" height=\"270\" srcset=\"https:\/\/www.modanaweb.com.br\/site\/wp-content\/uploads\/2020\/07\/ferramentas-da-internet-anuncios-online-entenda-mais-470x408-1-300x260.png 300w, https:\/\/www.modanaweb.com.br\/site\/wp-content\/uploads\/2020\/07\/ferramentas-da-internet-anuncios-online-entenda-mais-470x408-1.png 470w\" sizes=\"(max-width: 312px) 100vw, 312px\" \/><\/p><h1>Voc\u00ea tem uma f\u00e1brica de roupas, cal\u00e7ados ou acess\u00f3rios e quer atrair mais clientes?<\/h1><p>N\u00f3s da Moda na Web podemos te ajudar a publicar um an\u00fancio!<\/p><p>Publique an\u00fancios em nosso site e aumente suas vendas!<\/p><p>Temos um pacote gr\u00e1tis, e planos pagos para quem quer turbinar ainda mais seus neg\u00f3cio.<\/p><p>\u00a0<\/p><p>\u00a0<\/p><p><strong>Para anunciar \u00e9 bem simples:<\/strong><\/p><ul><li style=\"text-align: left;\"><h5><span style=\"text-decoration: underline;\">1\u00ba passo fa\u00e7a o seu cadastro no site<\/span><\/h5><\/li><li style=\"text-align: left;\"><h5><span style=\"text-decoration: underline;\">2\u00ba passo escolha o seu plano<\/span><\/h5><\/li><li style=\"text-align: left;\"><h5><span style=\"text-decoration: underline;\">3\u00ba passo crie o seu anuncio<\/span><\/h5><\/li><li style=\"text-align: left;\"><h5><span style=\"text-decoration: underline;\">4\u00ba passo aguarde 24 horas para libera\u00e7\u00e3o da sua conta e do anuncio<\/span><\/h5><\/li><\/ul><p>\u00a0<\/p><p><strong>Confira abaixo nossos planos e o que eles oferecem.<\/strong><\/p><p>\u00a0<\/p><h4 style=\"text-align: center;\">Assista o tutorial no v\u00eddeo abaixo e veja como \u00e9 simples anunciar aqui na Moda Na Web para aumentar as suas vendas.<\/h4><p style=\"text-align: center;\"><iframe loading=\"lazy\" title=\"YouTube video player\" src=\"https:\/\/www.youtube.com\/embed\/VwUUq3nQWIU?si=v7b4KqkQ2RmMNI8i\" width=\"560\" height=\"315\" frameborder=\"0\" allowfullscreen=\"allowfullscreen\"><\/iframe><\/p>\t\t\t\t\t<\/div>\n\t\t\t\t\t\t<\/div>\n\t\t\t\t<\/div>\n\t\t\t\t<div class=\"elementor-element elementor-element-c29589e elementor-widget elementor-widget-shortcode\" data-id=\"c29589e\" data-element_type=\"widget\" data-widget_type=\"shortcode.default\">\n\t\t\t\t<div class=\"elementor-widget-container\">\n\t\t\t\t\t<div class=\"elementor-shortcode\"><form method=\"post\" id=\"job_package_selection\">\n\t\t\t<div class=\"text-warning\">\n\t\t\tFa\u00e7a login como &quot;Fabricante&quot; antes de acessar esta p\u00e1gina.\t\t<\/div>\n\t<\/form><\/div>\n\t\t\t\t<\/div>\n\t\t\t\t<\/div>\n\t\t\t\t\t\t<\/div>\n\t\t\t\t\t<\/div>\n\t\t<\/div>\n\t\t\t\t\t\t\t\t<\/div>\n\t\t\t\t\t<\/div>\n\t\t<\/section>\n\t\t\t\t\t\t<\/div>\n\t\t\t\t\t\t<\/div>\n\t\t\t\t\t<\/div>\n\t\t","protected":false},"excerpt":{"rendered":"<p>Voc\u00ea tem uma f\u00e1brica de roupas, cal\u00e7ados ou acess\u00f3rios e quer atrair mais clientes? N\u00f3s da Moda na Web podemos te ajudar a publicar um an\u00fancio! Publique an\u00fancios em nosso site e aumente suas vendas! Temos um pacote gr\u00e1tis, e planos pagos para quem quer turbinar ainda mais seus neg\u00f3cio. \u00a0 \u00a0 Para anunciar \u00e9 &hellip; <br \/><a href=\"https:\/\/www.modanaweb.com.br\/site\/publicar-um-anuncio\/\" class=\"more-link\">Continue lendo <span class=\"screen-reader-text\">Publicar um an\u00fancio<\/span><\/a><\/p>\n","protected":false},"author":1,"featured_media":0,"parent":0,"menu_order":0,"comment_status":"closed","ping_status":"closed","template":"","meta":{"footnotes":""},"yoast_head":"<!-- This site is optimized with the Yoast SEO plugin v14.4.1 - https:\/\/yoast.com\/wordpress\/plugins\/seo\/ -->\n<title>Publicar um an\u00fancio: conhe\u00e7a nossos planos - Moda na Web<\/title>\n<meta name=\"description\" content=\"Tem uma f\u00e1brica de roupas e quer publicar um an\u00fancio aqui online e atrair mais clientes? Anuncie aqui na Moda na Web. As melhores f\u00e1bricas est\u00e3o aqui!\" \/>\n<meta name=\"robots\" content=\"index, follow\" \/>\n<meta name=\"googlebot\" content=\"index, follow, max-snippet:-1, max-image-preview:large, max-video-preview:-1\" \/>\n<meta name=\"bingbot\" content=\"index, follow, max-snippet:-1, max-image-preview:large, max-video-preview:-1\" \/>\n<link rel=\"canonical\" href=\"https:\/\/www.modanaweb.com.br\/site\/publicar-um-anuncio\/\" \/>\n<meta property=\"og:locale\" content=\"pt_BR\" \/>\n<meta property=\"og:type\" content=\"article\" \/>\n<meta property=\"og:title\" content=\"Publicar um an\u00fancio: conhe\u00e7a nossos planos - Moda na Web\" \/>\n<meta property=\"og:description\" content=\"Tem uma f\u00e1brica de roupas e quer publicar um an\u00fancio aqui online e atrair mais clientes? Anuncie aqui na Moda na Web. As melhores f\u00e1bricas est\u00e3o aqui!\" \/>\n<meta property=\"og:url\" content=\"https:\/\/www.modanaweb.com.br\/site\/publicar-um-anuncio\/\" \/>\n<meta property=\"og:site_name\" content=\"Moda Na Web\" \/>\n<meta property=\"article:publisher\" content=\"https:\/\/www.facebook.com\/Oficial.ModanaWeb\" \/>\n<meta property=\"article:modified_time\" content=\"2025-06-07T19:46:25+00:00\" \/>\n<meta property=\"og:image\" content=\"https:\/\/modanaweb.com.br\/site\/wp-content\/uploads\/2020\/07\/ferramentas-da-internet-anuncios-online-entenda-mais-470x408-1-300x260.png\" \/>\n<meta name=\"twitter:card\" content=\"summary_large_image\" \/>\n<meta name=\"twitter:creator\" content=\"@modanaweb\" \/>\n<meta name=\"twitter:site\" content=\"@modanaweb\" \/>\n<script type=\"application\/ld+json\" class=\"yoast-schema-graph\">{\"@context\":\"https:\/\/schema.org\",\"@graph\":[{\"@type\":\"Organization\",\"@id\":\"https:\/\/www.modanaweb.com.br\/site\/#organization\",\"name\":\"Moda Na Web\",\"url\":\"https:\/\/www.modanaweb.com.br\/site\/\",\"sameAs\":[\"https:\/\/www.facebook.com\/Oficial.ModanaWeb\",\"https:\/\/www.instagram.com\/modanaweb\/\",\"https:\/\/www.youtube.com\/@ModaNaWebComercial\",\"https:\/\/br.pinterest.com\/modanaweb\/\",\"https:\/\/twitter.com\/modanaweb\"],\"logo\":{\"@type\":\"ImageObject\",\"@id\":\"https:\/\/www.modanaweb.com.br\/site\/#logo\",\"inLanguage\":\"pt-BR\",\"url\":\"https:\/\/www.modanaweb.com.br\/site\/wp-content\/uploads\/2023\/12\/LogoModaNaWeb130x27.png\",\"width\":201,\"height\":42,\"caption\":\"Moda Na Web\"},\"image\":{\"@id\":\"https:\/\/www.modanaweb.com.br\/site\/#logo\"}},{\"@type\":\"WebSite\",\"@id\":\"https:\/\/www.modanaweb.com.br\/site\/#website\",\"url\":\"https:\/\/www.modanaweb.com.br\/site\/\",\"name\":\"Moda Na Web\",\"description\":\"Roupas para revender - Saiba como comprar roupas no atacado online para revender direto da f\\u00e1brica.\",\"publisher\":{\"@id\":\"https:\/\/www.modanaweb.com.br\/site\/#organization\"},\"potentialAction\":[{\"@type\":\"SearchAction\",\"target\":\"https:\/\/www.modanaweb.com.br\/site\/?s={search_term_string}\",\"query-input\":\"required name=search_term_string\"}],\"inLanguage\":\"pt-BR\"},{\"@type\":\"ImageObject\",\"@id\":\"https:\/\/www.modanaweb.com.br\/site\/publicar-um-anuncio\/#primaryimage\",\"inLanguage\":\"pt-BR\",\"url\":\"https:\/\/modanaweb.com.br\/site\/wp-content\/uploads\/2020\/07\/ferramentas-da-internet-anuncios-online-entenda-mais-470x408-1-300x260.png\"},{\"@type\":\"WebPage\",\"@id\":\"https:\/\/www.modanaweb.com.br\/site\/publicar-um-anuncio\/#webpage\",\"url\":\"https:\/\/www.modanaweb.com.br\/site\/publicar-um-anuncio\/\",\"name\":\"Publicar um an\\u00fancio: conhe\\u00e7a nossos planos - Moda na Web\",\"isPartOf\":{\"@id\":\"https:\/\/www.modanaweb.com.br\/site\/#website\"},\"primaryImageOfPage\":{\"@id\":\"https:\/\/www.modanaweb.com.br\/site\/publicar-um-anuncio\/#primaryimage\"},\"datePublished\":\"2020-04-09T02:47:03+00:00\",\"dateModified\":\"2025-06-07T19:46:25+00:00\",\"description\":\"Tem uma f\\u00e1brica de roupas e quer publicar um an\\u00fancio aqui online e atrair mais clientes? Anuncie aqui na Moda na Web. As melhores f\\u00e1bricas est\\u00e3o aqui!\",\"inLanguage\":\"pt-BR\",\"potentialAction\":[{\"@type\":\"ReadAction\",\"target\":[\"https:\/\/www.modanaweb.com.br\/site\/publicar-um-anuncio\/\"]}]}]}<\/script>\n<!-- \/ Yoast SEO plugin. -->","_links":{"self":[{"href":"https:\/\/www.modanaweb.com.br\/site\/wp-json\/wp\/v2\/pages\/1745"}],"collection":[{"href":"https:\/\/www.modanaweb.com.br\/site\/wp-json\/wp\/v2\/pages"}],"about":[{"href":"https:\/\/www.modanaweb.com.br\/site\/wp-json\/wp\/v2\/types\/page"}],"author":[{"embeddable":true,"href":"https:\/\/www.modanaweb.com.br\/site\/wp-json\/wp\/v2\/users\/1"}],"replies":[{"embeddable":true,"href":"https:\/\/www.modanaweb.com.br\/site\/wp-json\/wp\/v2\/comments?post=1745"}],"version-history":[{"count":22,"href":"https:\/\/www.modanaweb.com.br\/site\/wp-json\/wp\/v2\/pages\/1745\/revisions"}],"predecessor-version":[{"id":3286,"href":"https:\/\/www.modanaweb.com.br\/site\/wp-json\/wp\/v2\/pages\/1745\/revisions\/3286"}],"wp:attachment":[{"href":"https:\/\/www.modanaweb.com.br\/site\/wp-json\/wp\/v2\/media?parent=1745"}],"curies":[{"name":"wp","href":"https:\/\/api.w.org\/{rel}","templated":true}]}}