{"id":1747,"date":"2020-04-08T23:47:03","date_gmt":"2020-04-09T02:47:03","guid":{"rendered":"https:\/\/modanaweb.com.br\/site\/anuncios\/"},"modified":"2020-07-27T17:29:54","modified_gmt":"2020-07-27T20:29:54","slug":"anuncios","status":"publish","type":"page","link":"https:\/\/www.modanaweb.com.br\/site\/anuncios\/","title":{"rendered":"An\u00fancios"},"content":{"rendered":"<div class=\"job_listings\" data-location=\"\" data-keywords=\"\" data-show_filters=\"true\" data-show_pagination=\"false\" data-per_page=\"9\" data-orderby=\"featured\" data-order=\"DESC\" data-categories=\"\" data-post_id=\"1747\" ><div class=\"apus-half-map-layout apus-half-map-layout-v1 apus-listing-warpper\">\n\t<div class=\"row no-margin wrapper-half-map\">\n\t\t<div class=\"col-md-7 col-xs-12 no-padding list-content-wrapper\">\n\t\t\t<div class=\"list-content clearfix\">\n\t\t\t\t<div class=\"wrapper-filters1 filter-v1 clearfix\">\n\t\t\t\t\t\t\t<div class=\"mobile-groups-button hidden-lg hidden-md clearfix text-center\">\n\t\t\t\t<button class=\" btn btn-sm btn-theme btn-view-map\" type=\"button\"><i class=\"far fa-map\"><\/i> Vis\u00e3o do mapa<\/button>\n\t\t\t\t<button class=\" btn btn-sm btn-theme  btn-view-listing hidden-sm hidden-xs\" type=\"button\"><i class=\"fas fa-list\"><\/i> Visualiza\u00e7\u00e3o do An\u00fancio<\/button>\n\t\t\t\t<\/div>\n\t\t\t\t\t<span class=\"show-filter show-filter1 hidden-lg btn btn-xs btn-theme\">\n\t\t\t<i class=\"fas fa-sliders-h\"><\/i>\n\t\t<\/span>\n\t\t<form class=\"job_filters job_filters-location\">\n\t\t\t\t\t\t<input type=\"hidden\" name=\"filter_display_mode\" value=\"grid\">\n\t\t\t<input type=\"hidden\" name=\"filter_listing_columns\" value=\"2\">\n\t\t\t<input id=\"input_filter_order\" type=\"hidden\" name=\"filter_order\" value=\"date-desc\">\n\t\t\t<div class=\"filter-inner search_jobs\">\n\t\t\t\t\t\t\t\t<div class=\"fields-filter list-inner-full\">\n\t\t\t\t\t\t\t\t\t\t\n\t\t\t\t\t<div class=\"search_keywords\">\n\t<input class=\"form-control style2\" type=\"text\" name=\"search_keywords\" placeholder=\"O que voc\u00ea est\u00e1 procurando?\" value=\"\" \/>\n<\/div><div class=\"select-categories \">\n\t\n\t\t<select name='search_categories[]' id='search_categories' class='job-manager-category-dropdown '  data-placeholder='Filtrar por categoria' data-no_results_text='Nenhum resultado' data-multiple_text='Selecione algumas op\u00e7\u00f5es'>\n<option value=\"\">Filtrar por categoria<\/option>\t<option class=\"level-0\" value=\"33\">Feminino<\/option>\n\t<option class=\"level-0\" value=\"42\">Fitness<\/option>\n\t<option class=\"level-0\" value=\"39\">Infantil<\/option>\n\t<option class=\"level-0\" value=\"55\">Lingerie<\/option>\n\t<option class=\"level-0\" value=\"68\">Linha Evang\u00e9lica<\/option>\n\t<option class=\"level-0\" value=\"36\">Masculino<\/option>\n\t<option class=\"level-0\" value=\"56\">Plus Size Feminino<\/option>\n\t<option class=\"level-0\" value=\"64\">Plus Size Masculino<\/option>\n<\/select>\n\n<\/div>\t\n\t\t\t\t    <div class=\"field-region field-region1\">\n\t\t\t    <select class=\"select-field-region select-field-region1\" data-next=\"2\" autocomplete=\"off\" name=\"job_region_select[]\" data-placeholder=\"Filtrar por estado\">\n\t\t\t    \t<option value=\"\">Filtrar por estado<\/option>\n\t\t\t\t    \t\t\t\t\t      \t<option value=\"rio-grande-do-norte\" >Rio Grande do Norte<\/option>\n\t\t\t\t\t      \t\t\t\t\t\t      \t<option value=\"roraima\" >Roraima<\/option>\n\t\t\t\t\t      \t\t\t\t\t\t      \t<option value=\"amapa\" >Amap\u00e1<\/option>\n\t\t\t\t\t      \t\t\t\t\t\t      \t<option value=\"acre\" >Acre<\/option>\n\t\t\t\t\t      \t\t\t\t\t\t      \t<option value=\"rondonia\" >Rond\u00f4nia<\/option>\n\t\t\t\t\t      \t\t\t\t\t\t      \t<option value=\"amazonas\" >Amazonas<\/option>\n\t\t\t\t\t      \t\t\t\t\t\t      \t<option value=\"sergipe\" >Sergipe<\/option>\n\t\t\t\t\t      \t\t\t\t\t\t      \t<option value=\"espirito-santo\" >Esp\u00edrito Santo<\/option>\n\t\t\t\t\t      \t\t\t\t\t\t      \t<option value=\"mato-grosso-do-sul\" >Mato Grosso do Sul<\/option>\n\t\t\t\t\t      \t\t\t\t\t\t      \t<option value=\"alagoas\" >Alagoas<\/option>\n\t\t\t\t\t      \t\t\t\t\t\t      \t<option value=\"tocantins\" >Tocantins<\/option>\n\t\t\t\t\t      \t\t\t\t\t\t      \t<option value=\"mato-grosso\" >Mato Grosso<\/option>\n\t\t\t\t\t      \t\t\t\t\t\t      \t<option value=\"para\" >Par\u00e1<\/option>\n\t\t\t\t\t      \t\t\t\t\t\t      \t<option value=\"minas-gerais\" >Minas Gerais<\/option>\n\t\t\t\t\t      \t\t\t\t\t\t      \t<option value=\"ceara\" >Cear\u00e1<\/option>\n\t\t\t\t\t      \t\t\t\t\t\t      \t<option value=\"maranhao\" >Maranh\u00e3o<\/option>\n\t\t\t\t\t      \t\t\t\t\t\t      \t<option value=\"paraiba\" >Para\u00edba<\/option>\n\t\t\t\t\t      \t\t\t\t\t\t      \t<option value=\"piaui\" >Piau\u00ed<\/option>\n\t\t\t\t\t      \t\t\t\t\t\t      \t<option value=\"goias\" >Goi\u00e1s<\/option>\n\t\t\t\t\t      \t\t\t\t\t\t      \t<option value=\"parana\" >Paran\u00e1<\/option>\n\t\t\t\t\t      \t\t\t\t\t\t      \t<option value=\"rio-grande-do-sul\" >Rio Grande do Sul<\/option>\n\t\t\t\t\t      \t\t\t\t\t\t      \t<option value=\"bahia\" >Bahia<\/option>\n\t\t\t\t\t      \t\t\t\t\t\t      \t<option value=\"santa-catarina\" >Santa Catarina<\/option>\n\t\t\t\t\t      \t\t\t\t\t\t      \t<option value=\"sao-paulo\" >S\u00e3o Paulo<\/option>\n\t\t\t\t\t      \t\t\t\t\t\t      \t<option value=\"pernambuco\" >Pernambuco<\/option>\n\t\t\t\t\t      \t\t\t\t\t\t      \t<option value=\"rio-de-janeiro\" >Rio de Janeiro<\/option>\n\t\t\t\t\t      \t\t\t\t    <\/select>\n\t\t    <\/div>\n\t\t\t\t\t\t\t\t\t    <div class=\"field-region field-region2\">\n\t\t    \t<select class=\"select-field-region select-field-region2\" data-next=\"3\" autocomplete=\"off\" name=\"job_region_select[]\" data-placeholder=\"Filtrar por cidade\">\n\t\t    \t\t<option value=\"\">Filtrar por cidade<\/option>\n\t\t    \t\t\t\t    \t<\/select>\n\t\t    <\/div>\n\t\t    \t\t\t\t\t\t\t\n<div class=\"search_location\">\n\t\t<input type=\"text\" class=\"form-control style2\" name=\"search_location\" id=\"search_location_distance\" placeholder=\"Regi\u00e3o\" value=\"\" autocomplete=\"off\" \/>\n\t<span class=\"clear-location\"><i class=\"ti-close\"><\/i><\/span>\n\t\t\t<span class=\"loading-me\"><\/span>\n\t\t<span class=\"find-me\"><svg xmlns=\"http:\/\/www.w3.org\/2000\/svg\" xmlns:xlink=\"http:\/\/www.w3.org\/1999\/xlink\" width=\"15px\" height=\"15px\" viewBox=\"0 0 15 15\" version=\"1.1\"> <g stroke=\"none\" stroke-width=\"1\" fill=\"none\" fill-rule=\"evenodd\"> <g transform=\"translate(-964.000000, -626.000000)\" fill-rule=\"nonzero\" fill=\"#9B9B9B\"> <g transform=\"translate(731.000000, 611.000000)\"> <g transform=\"translate(233.000000, 15.000000)\"> <g> <path d=\"M7.48790875,4.76543726 C5.98346008,4.76543726 4.76543726,5.98346008 4.76543726,7.48790875 C4.76543726,8.99235741 5.98346008,10.2103802 7.48790875,10.2103802 C8.99235741,10.2103802 10.2103802,8.99235741 10.2103802,7.48790875 C10.2103802,5.98346008 8.99235741,4.76543726 7.48790875,4.76543726 Z M13.5730894,6.80652091 C13.2604848,3.96798479 11.0072338,1.71473384 8.16869772,1.40272814 L8.16869772,0 L6.80714829,0 L6.80714829,1.40272814 C3.96858365,1.71473384 1.71536122,3.96798479 1.40210076,6.80652091 L0,6.80652091 L0,8.1693251 L1.40272814,8.1693251 C1.71596008,11.0078612 3.96921103,13.2611122 6.80774715,13.5731179 L6.80774715,14.975846 L8.16929658,14.975846 L8.16929658,13.5731179 C11.0078327,13.2611122 13.2610837,11.0078897 13.5736882,8.1693251 L14.975789,8.1693251 L14.975789,6.80652091 C14.975846,6.80652091 13.5730894,6.80652091 13.5730894,6.80652091 Z M7.48790875,12.253346 C4.85341255,12.253346 2.72247148,10.1224049 2.72247148,7.48790875 C2.72247148,4.85341255 4.85341255,2.72247148 7.48790875,2.72247148 C10.1224049,2.72247148 12.253346,4.85341255 12.253346,7.48790875 C12.253346,10.1224049 10.1224049,12.253346 7.48790875,12.253346 Z\"\/> <\/g> <\/g> <\/g> <\/g> <\/g> <\/svg><\/span>\n\t\t<input type=\"hidden\" name=\"search_lat\" value=\"\" \/>\n\t\t<input type=\"hidden\" name=\"search_lng\" value=\"\" \/>\n\t<\/div><div class=\"search_distance_wrapper clearfix\">\n\t<div class=\"search-distance-label\">\n\t\t<label for=\"use_search_distance\">\n\t\t\t<input name=\"use_search_distance\" checked=\"checked\" type=\"checkbox\">\n\t\t\tRaio: <span class=\"text-distance\">50<\/span>km\t\t<\/label>\n\t<\/div>\n\t<div class=\"search-distance-wrapper\">\n\t\t<input type=\"hidden\" name=\"search_distance\" value=\"50\" \/>\n\t\t<div class=\"search-distance-slider\"><div class=\"ui-slider-handle distance-custom-handle\"><\/div><\/div>\n\t<\/div>\n<\/div><div class=\"search_price_range clearfix\">\n\t\n\t<select class=\"filter_price_range\" data-placeholder=\"Faixa de pre\u00e7o\" name=\"filter_price_range\">\n\t\t<option value=\"\">Faixa de pre\u00e7o<\/option>\n\t\t\t\t\t<option value=\"inexpensive\" >R$ Barato<\/option>\n\t\t\t\t\t<option value=\"moderate\" >R$R$ Moderado<\/option>\n\t\t\t\t\t<option value=\"pricey\" >R$R$R$ Caro<\/option>\n\t\t\t\t\t<option value=\"ultra_high_end\" >R$R$R$R$ Ultra alto<\/option>\n\t\t\t<\/select>\n\t\n<\/div><div class=\"price_slider_wrapper\">\n\t\t<div class=\"price-wrapper\">Pre\u00e7o:  \n\t\t<span class=\"price\">\n\t\t\t<span class=\"price_from\"><span class=\"currency-symbol\">R$<\/span><span class=\"price\">0<\/span><\/span>\n\t\t\t<span class=\"space\">-<\/span>\n\t\t\t<span class=\"price_to\"><span class=\"currency-symbol\">R$<\/span><span class=\"price\">1,000,000<\/span><\/span>\n\t\t<\/span>\n\t<\/div>\n  \t<div class=\"price_range_slider\" data-max=\"1000000\" data-min=\"0\"><\/div>\n\n  \t<input type=\"hidden\" name=\"filter_price_from\" class=\"filter-price-from\" value=\"0\">\n  \t<input type=\"hidden\" name=\"filter_price_to\" class=\"filter-price-to\" value=\"1000000\">\n<\/div><div class=\"search_amenity_wrapper\">\n\t<h4>Filtrar por Recursos<\/h4>\n\t<div class=\"amenities-wrap\">\n\t\t\t\t\t\t\t<ul class=\"job_amenities\">\n\t\t\t\t\t\t\t\t\t\t\t\t\t<li>\n\t\t\t\t\t\t\t\t<label for=\"job_amenity_aceita-cartao-de-credito-9971\" class=\"aceita-cartao-de-credito\">\n\t\t\t\t\t\t\t\t\t<input type=\"checkbox\" name=\"filter_job_amenity[]\" value=\"aceita-cartao-de-credito\" id=\"job_amenity_aceita-cartao-de-credito-9971\"  \/> Aceita cart\u00e3o de cr\u00e9dito\t\t\t\t\t\t\t\t<\/label>\n\t\t\t\t\t\t\t<\/li>\n\t\t\t\t\t\t\t\t\t\t\t\t\t<li>\n\t\t\t\t\t\t\t\t<label for=\"job_amenity_atendimento-via-whatsapp-9971\" class=\"atendimento-via-whatsapp\">\n\t\t\t\t\t\t\t\t\t<input type=\"checkbox\" name=\"filter_job_amenity[]\" value=\"atendimento-via-whatsapp\" id=\"job_amenity_atendimento-via-whatsapp-9971\"  \/> Atendimento via WhatsApp\t\t\t\t\t\t\t\t<\/label>\n\t\t\t\t\t\t\t<\/li>\n\t\t\t\t\t\t\t\t\t\t\t\t\t<li>\n\t\t\t\t\t\t\t\t<label for=\"job_amenity_descontos-a-vista-9971\" class=\"descontos-a-vista\">\n\t\t\t\t\t\t\t\t\t<input type=\"checkbox\" name=\"filter_job_amenity[]\" value=\"descontos-a-vista\" id=\"job_amenity_descontos-a-vista-9971\"  \/> Descontos A Vista\t\t\t\t\t\t\t\t<\/label>\n\t\t\t\t\t\t\t<\/li>\n\t\t\t\t\t\t\t\t\t\t\t\t\t<li>\n\t\t\t\t\t\t\t\t<label for=\"job_amenity_envia-para-todo-o-brasil-9971\" class=\"envia-para-todo-o-brasil\">\n\t\t\t\t\t\t\t\t\t<input type=\"checkbox\" name=\"filter_job_amenity[]\" value=\"envia-para-todo-o-brasil\" id=\"job_amenity_envia-para-todo-o-brasil-9971\"  \/> Envia Para Todo o Brasil\t\t\t\t\t\t\t\t<\/label>\n\t\t\t\t\t\t\t<\/li>\n\t\t\t\t\t\t\t\t\t\t\t\t\t<li>\n\t\t\t\t\t\t\t\t<label for=\"job_amenity_envio-gratis-9971\" class=\"envio-gratis\">\n\t\t\t\t\t\t\t\t\t<input type=\"checkbox\" name=\"filter_job_amenity[]\" value=\"envio-gratis\" id=\"job_amenity_envio-gratis-9971\"  \/> Envio Gr\u00e1tis\t\t\t\t\t\t\t\t<\/label>\n\t\t\t\t\t\t\t<\/li>\n\t\t\t\t\t\t\t\t\t\t\t\t\t<li>\n\t\t\t\t\t\t\t\t<label for=\"job_amenity_envio-pelos-correios-9971\" class=\"envio-pelos-correios\">\n\t\t\t\t\t\t\t\t\t<input type=\"checkbox\" name=\"filter_job_amenity[]\" value=\"envio-pelos-correios\" id=\"job_amenity_envio-pelos-correios-9971\"  \/> Envio pelos Correios\t\t\t\t\t\t\t\t<\/label>\n\t\t\t\t\t\t\t<\/li>\n\t\t\t\t\t\t\t\t\t\t\t\t\t<li>\n\t\t\t\t\t\t\t\t<label for=\"job_amenity_estacionamento-gratis-9971\" class=\"estacionamento-gratis\">\n\t\t\t\t\t\t\t\t\t<input type=\"checkbox\" name=\"filter_job_amenity[]\" value=\"estacionamento-gratis\" id=\"job_amenity_estacionamento-gratis-9971\"  \/> Estacionamento gr\u00e1tis\t\t\t\t\t\t\t\t<\/label>\n\t\t\t\t\t\t\t<\/li>\n\t\t\t\t\t\t\t\t\t\t\t\t\t<li>\n\t\t\t\t\t\t\t\t<label for=\"job_amenity_estacionamento-pago-9971\" class=\"estacionamento-pago\">\n\t\t\t\t\t\t\t\t\t<input type=\"checkbox\" name=\"filter_job_amenity[]\" value=\"estacionamento-pago\" id=\"job_amenity_estacionamento-pago-9971\"  \/> Estacionamento Pago\t\t\t\t\t\t\t\t<\/label>\n\t\t\t\t\t\t\t<\/li>\n\t\t\t\t\t\t\t\t\t\t\t\t\t<li>\n\t\t\t\t\t\t\t\t<label for=\"job_amenity_parcelamento-no-cartao-9971\" class=\"parcelamento-no-cartao\">\n\t\t\t\t\t\t\t\t\t<input type=\"checkbox\" name=\"filter_job_amenity[]\" value=\"parcelamento-no-cartao\" id=\"job_amenity_parcelamento-no-cartao-9971\"  \/> Parcelamento no Cart\u00e3o\t\t\t\t\t\t\t\t<\/label>\n\t\t\t\t\t\t\t<\/li>\n\t\t\t\t\t\t\t\t\t\t\t<\/ul>\n\t\t\t\t\t\t\t\t\n\t<\/div>\n<\/div>\t\t\t\t\t\n\t\t\t\t\t<div class=\"submit-filter\">\n\t\t\t\t\t\t<button class=\"btn btn-theme btn-filter\" type=\"button\">Filtro<\/button>\n\t\t\t\t\t<\/div>\n\n\t\t\t\t\t<div class=\"listing-search-result-filter\"><\/div>\n\t\t\t\t\t\n\t\t\t\t\t\t\t\t\t<\/div>\n\n\t\t\t\t<div class=\"showing_jobs\"><\/div>\n\t\t\t\t\t\t\t<\/div>\n\t\t<\/form>\n\t<\/div>\n\t\n\t\n<div class=\" main-results\">\n\t<div class=\"main-content-listings\">\n\t\t\n\t\t<div class=\"listing-action clearfix\">\n\t\t\t<div class=\"row flex-middle\">\n\t\t\t\t<div class=\"col-xs-6 col-md-8\">\n\t\t\t\t\t<div class=\"listing-search-result\"><div class=\"results\">0 Resultados encontrados<\/div><\/div>\n\t\t\t\t<\/div>\n\n\t\t\t\t\t\t\t\t<div class=\"col-xs-6 col-md-4 text-right\">\n\t\t\t\t\t\t\t\t\t\t<div class=\"listing-orderby\">\n\t\t\t\t\t\t<select name=\"filter_order\" autocomplete=\"off\" placeholder=\"Ordenar por\">\n\t\t\t\t\t\t\t\t\t\t\t\t\t\t\t<option value=\"default\" >Pedido padr\u00e3o<\/option>\n\t\t\t\t\t\t\t\t\t\t\t\t\t\t\t<option value=\"date-desc\" selected=\"selected\">Os mais novos primeiro<\/option>\n\t\t\t\t\t\t\t\t\t\t\t\t\t\t\t<option value=\"date-asc\" >Mais velhos primeiro<\/option>\n\t\t\t\t\t\t\t\t\t\t\t\t\t\t\t<option value=\"rating-desc\" >Classifica\u00e7\u00e3o mais alta<\/option>\n\t\t\t\t\t\t\t\t\t\t\t\t\t\t\t<option value=\"rating-asc\" >Classifica\u00e7\u00e3o mais baixa<\/option>\n\t\t\t\t\t\t\t\t\t\t\t\t\t\t\t<option value=\"random\" >Aleat\u00f3rio<\/option>\n\t\t\t\t\t\t\t\t\t\t\t\t\t<\/select>\n\t\t\t\t\t<\/div>\n\t\t\t\t<\/div>\n\t\t\t<\/div>\n\t\t<\/div>\n\t\t<div class=\"job_listings job_listings_cards clearfix row loading\">\t\t\n\t\t<\/div>\n\t\t\t<\/div>\n<\/div><a class=\"load_more_jobs\" href=\"#\" style=\"display:none;\"><strong>Carregar mais an\u00fancios<\/strong><\/a>\t\t\t<\/div>\n\t\t<\/div>\n\t\t<div class=\"col-md-5 col-xs-12 no-padding half-map\">\n\t\t\t<div id=\"apus-listing-map\" class=\"apus-listing-map fix-map hidden-sm hidden-xs\"><\/div>\n\t\t<\/div>\n\t<\/div>\n<\/div><\/div>\n","protected":false},"excerpt":{"rendered":"","protected":false},"author":1,"featured_media":0,"parent":0,"menu_order":0,"comment_status":"closed","ping_status":"closed","template":"","meta":{"footnotes":""},"yoast_head":"<!-- This site is optimized with the Yoast SEO plugin v14.4.1 - https:\/\/yoast.com\/wordpress\/plugins\/seo\/ -->\n<title>An\u00fancios - Moda Na Web<\/title>\n<meta name=\"robots\" content=\"index, follow\" \/>\n<meta name=\"googlebot\" content=\"index, follow, max-snippet:-1, max-image-preview:large, max-video-preview:-1\" \/>\n<meta name=\"bingbot\" content=\"index, follow, max-snippet:-1, max-image-preview:large, max-video-preview:-1\" \/>\n<link rel=\"canonical\" href=\"https:\/\/modanaweb.com.br\/site\/anuncios\/\" \/>\n<meta property=\"og:locale\" content=\"pt_BR\" \/>\n<meta property=\"og:type\" content=\"article\" \/>\n<meta property=\"og:title\" content=\"An\u00fancios - Moda Na Web\" \/>\n<meta property=\"og:url\" content=\"https:\/\/modanaweb.com.br\/site\/anuncios\/\" \/>\n<meta property=\"og:site_name\" content=\"Moda Na Web\" \/>\n<meta property=\"article:publisher\" content=\"https:\/\/www.facebook.com\/Oficial.ModanaWeb\" \/>\n<meta property=\"article:modified_time\" content=\"2020-07-27T20:29:54+00:00\" \/>\n<meta name=\"twitter:card\" content=\"summary_large_image\" \/>\n<meta name=\"twitter:creator\" content=\"@modanaweb\" \/>\n<meta name=\"twitter:site\" content=\"@modanaweb\" \/>\n<script type=\"application\/ld+json\" class=\"yoast-schema-graph\">{\"@context\":\"https:\/\/schema.org\",\"@graph\":[{\"@type\":\"Organization\",\"@id\":\"https:\/\/www.modanaweb.com.br\/site\/#organization\",\"name\":\"Moda Na Web\",\"url\":\"https:\/\/www.modanaweb.com.br\/site\/\",\"sameAs\":[\"https:\/\/www.facebook.com\/Oficial.ModanaWeb\",\"https:\/\/www.instagram.com\/modanaweb\/\",\"https:\/\/www.youtube.com\/@ModaNaWebComercial\",\"https:\/\/br.pinterest.com\/modanaweb\/\",\"https:\/\/twitter.com\/modanaweb\"],\"logo\":{\"@type\":\"ImageObject\",\"@id\":\"https:\/\/www.modanaweb.com.br\/site\/#logo\",\"inLanguage\":\"pt-BR\",\"url\":\"https:\/\/www.modanaweb.com.br\/site\/wp-content\/uploads\/2023\/12\/LogoModaNaWeb130x27.png\",\"width\":201,\"height\":42,\"caption\":\"Moda Na Web\"},\"image\":{\"@id\":\"https:\/\/www.modanaweb.com.br\/site\/#logo\"}},{\"@type\":\"WebSite\",\"@id\":\"https:\/\/www.modanaweb.com.br\/site\/#website\",\"url\":\"https:\/\/www.modanaweb.com.br\/site\/\",\"name\":\"Moda Na Web\",\"description\":\"Roupas para revender - Saiba como comprar roupas no atacado online para revender direto da f\\u00e1brica.\",\"publisher\":{\"@id\":\"https:\/\/www.modanaweb.com.br\/site\/#organization\"},\"potentialAction\":[{\"@type\":\"SearchAction\",\"target\":\"https:\/\/www.modanaweb.com.br\/site\/?s={search_term_string}\",\"query-input\":\"required name=search_term_string\"}],\"inLanguage\":\"pt-BR\"},{\"@type\":\"WebPage\",\"@id\":\"https:\/\/modanaweb.com.br\/site\/anuncios\/#webpage\",\"url\":\"https:\/\/modanaweb.com.br\/site\/anuncios\/\",\"name\":\"An\\u00fancios - Moda Na Web\",\"isPartOf\":{\"@id\":\"https:\/\/www.modanaweb.com.br\/site\/#website\"},\"datePublished\":\"2020-04-09T02:47:03+00:00\",\"dateModified\":\"2020-07-27T20:29:54+00:00\",\"inLanguage\":\"pt-BR\",\"potentialAction\":[{\"@type\":\"ReadAction\",\"target\":[\"https:\/\/modanaweb.com.br\/site\/anuncios\/\"]}]}]}<\/script>\n<!-- \/ Yoast SEO plugin. -->","_links":{"self":[{"href":"https:\/\/www.modanaweb.com.br\/site\/wp-json\/wp\/v2\/pages\/1747"}],"collection":[{"href":"https:\/\/www.modanaweb.com.br\/site\/wp-json\/wp\/v2\/pages"}],"about":[{"href":"https:\/\/www.modanaweb.com.br\/site\/wp-json\/wp\/v2\/types\/page"}],"author":[{"embeddable":true,"href":"https:\/\/www.modanaweb.com.br\/site\/wp-json\/wp\/v2\/users\/1"}],"replies":[{"embeddable":true,"href":"https:\/\/www.modanaweb.com.br\/site\/wp-json\/wp\/v2\/comments?post=1747"}],"version-history":[{"count":1,"href":"https:\/\/www.modanaweb.com.br\/site\/wp-json\/wp\/v2\/pages\/1747\/revisions"}],"predecessor-version":[{"id":1935,"href":"https:\/\/www.modanaweb.com.br\/site\/wp-json\/wp\/v2\/pages\/1747\/revisions\/1935"}],"wp:attachment":[{"href":"https:\/\/www.modanaweb.com.br\/site\/wp-json\/wp\/v2\/media?parent=1747"}],"curies":[{"name":"wp","href":"https:\/\/api.w.org\/{rel}","templated":true}]}}