{"id":18,"date":"2019-03-04T06:53:35","date_gmt":"2019-03-04T06:53:35","guid":{"rendered":"http:\/\/demoapus-wp.com\/cityo\/place\/?page_id=18"},"modified":"2023-11-14T10:40:37","modified_gmt":"2023-11-14T13:40:37","slug":"contato-moda-na-web","status":"publish","type":"page","link":"https:\/\/www.modanaweb.com.br\/site\/contato-moda-na-web\/","title":{"rendered":"Contato Moda na Web"},"content":{"rendered":"\t\t<div data-elementor-type=\"wp-post\" data-elementor-id=\"18\" class=\"elementor elementor-18\" data-elementor-settings=\"[]\">\n\t\t\t\t\t\t<div class=\"elementor-inner\">\n\t\t\t\t\t\t\t<div class=\"elementor-section-wrap\">\n\t\t\t\t\t\t\t<section class=\"elementor-section elementor-top-section elementor-element elementor-element-0cfe321 elementor-section-stretched elementor-section-boxed elementor-section-height-default elementor-section-height-default\" data-id=\"0cfe321\" data-element_type=\"section\" data-settings=\"{&quot;stretch_section&quot;:&quot;section-stretched&quot;,&quot;background_background&quot;:&quot;classic&quot;}\">\n\t\t\t\t\t\t<div class=\"elementor-container elementor-column-gap-extended\">\n\t\t\t\t\t\t\t<div class=\"elementor-row\">\n\t\t\t\t\t<div class=\"elementor-column elementor-col-100 elementor-top-column elementor-element elementor-element-3e97f8c\" data-id=\"3e97f8c\" data-element_type=\"column\">\n\t\t\t<div class=\"elementor-column-wrap elementor-element-populated\">\n\t\t\t\t\t\t\t<div class=\"elementor-widget-wrap\">\n\t\t\t\t\t\t<div class=\"elementor-element elementor-element-295148b elementor-widget elementor-widget-spacer\" data-id=\"295148b\" data-element_type=\"widget\" data-widget_type=\"spacer.default\">\n\t\t\t\t<div class=\"elementor-widget-container\">\n\t\t\t\t\t<div class=\"elementor-spacer\">\n\t\t\t<div class=\"elementor-spacer-inner\"><\/div>\n\t\t<\/div>\n\t\t\t\t<\/div>\n\t\t\t\t<\/div>\n\t\t\t\t<div class=\"elementor-element elementor-element-74fcc35 elementor-widget elementor-widget-google_maps\" data-id=\"74fcc35\" data-element_type=\"widget\" data-widget_type=\"google_maps.default\">\n\t\t\t\t<div class=\"elementor-widget-container\">\n\t\t\t\t\t<div class=\"elementor-custom-embed\">\n\t\t\t<iframe frameborder=\"0\" scrolling=\"no\" marginheight=\"0\" marginwidth=\"0\"\n\t\t\t\t\tsrc=\"https:\/\/maps.google.com\/maps?q=Rua%20Julio%20Ribeiro%2C%2032%2C%20Bonsucesso%2C%20Rio%20de%20Janeiro&#038;t=m&#038;z=12&#038;output=embed&#038;iwloc=near\"\n\t\t\t\t\ttitle=\"Rua Julio Ribeiro, 32, Bonsucesso, Rio de Janeiro\"\n\t\t\t\t\taria-label=\"Rua Julio Ribeiro, 32, Bonsucesso, Rio de Janeiro\"\n\t\t\t><\/iframe>\n\t\t<\/div>\n\t\t\t\t<\/div>\n\t\t\t\t<\/div>\n\t\t\t\t\t\t<\/div>\n\t\t\t\t\t<\/div>\n\t\t<\/div>\n\t\t\t\t\t\t\t\t<\/div>\n\t\t\t\t\t<\/div>\n\t\t<\/section>\n\t\t\t\t<section class=\"elementor-section elementor-top-section elementor-element elementor-element-e4fb862 elementor-section-stretched elementor-section-boxed elementor-section-height-default elementor-section-height-default\" data-id=\"e4fb862\" data-element_type=\"section\" data-settings=\"{&quot;stretch_section&quot;:&quot;section-stretched&quot;,&quot;background_background&quot;:&quot;classic&quot;}\">\n\t\t\t\t\t\t<div class=\"elementor-container elementor-column-gap-extended\">\n\t\t\t\t\t\t\t<div class=\"elementor-row\">\n\t\t\t\t\t<div class=\"elementor-column elementor-col-33 elementor-top-column elementor-element elementor-element-1c23322\" data-id=\"1c23322\" data-element_type=\"column\">\n\t\t\t<div class=\"elementor-column-wrap elementor-element-populated\">\n\t\t\t\t\t\t\t<div class=\"elementor-widget-wrap\">\n\t\t\t\t\t\t<div class=\"elementor-element elementor-element-5a500c6 elementor-widget elementor-widget-text-editor\" data-id=\"5a500c6\" data-element_type=\"widget\" data-widget_type=\"text-editor.default\">\n\t\t\t\t<div class=\"elementor-widget-container\">\n\t\t\t\t\t\t\t\t<div class=\"elementor-text-editor elementor-clearfix\">\n\t\t\t\t<div class=\"contact-info\"><h3 class=\"title\">Contato Moda na Web<\/h3><div>\u00a0<\/div><div class=\"item\">Rua Julio Ribeiro, 32 Loja &#8211; Bonsucesso &#8211; Rio de Janeiro &#8211; RJ &#8211; CEP:21040-330<\/div><div class=\"item\">Telefone : (21) 3496-1888<\/div><div class=\"item\">WhatsApp : (21) 98235-1163<\/div><div class=\"item space-large\">Email : comercial@modanaweb.com.br<\/div><div class=\"item\"><a class=\"btn btn-dark\" href=\"#\">Veja no Mapa<\/a><a class=\"btn btn-dark\" href=\"#\">Como chegar<\/a><\/div><\/div>\t\t\t\t\t<\/div>\n\t\t\t\t\t\t<\/div>\n\t\t\t\t<\/div>\n\t\t\t\t\t\t<\/div>\n\t\t\t\t\t<\/div>\n\t\t<\/div>\n\t\t\t\t<div class=\"elementor-column elementor-col-66 elementor-top-column elementor-element elementor-element-f022446\" data-id=\"f022446\" data-element_type=\"column\">\n\t\t\t<div class=\"elementor-column-wrap elementor-element-populated\">\n\t\t\t\t\t\t\t<div class=\"elementor-widget-wrap\">\n\t\t\t\t\t\t<div class=\"elementor-element elementor-element-d99ed65 elementor-widget elementor-widget-text-editor\" data-id=\"d99ed65\" data-element_type=\"widget\" data-widget_type=\"text-editor.default\">\n\t\t\t\t<div class=\"elementor-widget-container\">\n\t\t\t\t\t\t\t\t<div class=\"elementor-text-editor elementor-clearfix\">\n\t\t\t\t<div role=\"form\" class=\"wpcf7\" id=\"wpcf7-f149-o1\" lang=\"en-US\" dir=\"ltr\">\n<div class=\"screen-reader-response\"><\/div>\n<form action=\"\/site\/wp-json\/wp\/v2\/pages\/18#wpcf7-f149-o1\" method=\"post\" class=\"wpcf7-form\" novalidate=\"novalidate\">\n<div style=\"display: none;\">\n<input type=\"hidden\" name=\"_wpcf7\" value=\"149\" \/>\n<input type=\"hidden\" name=\"_wpcf7_version\" value=\"5.1.7\" \/>\n<input type=\"hidden\" name=\"_wpcf7_locale\" value=\"en_US\" \/>\n<input type=\"hidden\" name=\"_wpcf7_unit_tag\" value=\"wpcf7-f149-o1\" \/>\n<input type=\"hidden\" name=\"_wpcf7_container_post\" value=\"0\" \/>\n<\/div>\n<div class=\"contact-us\">\n<h3 class=\"title\">Formul\u00e1ro de Contato<\/h3>\n<div class=\"item\"><span class=\"wpcf7-form-control-wrap your-name\"><input type=\"text\" name=\"your-name\" value=\"\" size=\"40\" class=\"wpcf7-form-control wpcf7-text wpcf7-validates-as-required form-control\" aria-required=\"true\" aria-invalid=\"false\" placeholder=\"Nome Completo\" \/><\/span><\/div>\n<div class=\"item\"><span class=\"wpcf7-form-control-wrap your-email\"><input type=\"email\" name=\"your-email\" value=\"\" size=\"40\" class=\"wpcf7-form-control wpcf7-text wpcf7-email wpcf7-validates-as-required wpcf7-validates-as-email form-control\" aria-required=\"true\" aria-invalid=\"false\" placeholder=\"e-mail\" \/><\/span><\/div>\n<div class=\"item\"><span class=\"wpcf7-form-control-wrap your-subject\"><input type=\"text\" name=\"your-subject\" value=\"\" size=\"40\" class=\"wpcf7-form-control wpcf7-text form-control\" aria-invalid=\"false\" placeholder=\"Assunto\" \/><\/span><\/div>\n<div class=\"item item-large\"><span class=\"wpcf7-form-control-wrap your-message\"><textarea name=\"your-message\" cols=\"40\" rows=\"10\" class=\"wpcf7-form-control wpcf7-textarea wpcf7-validates-as-required form-control\" aria-required=\"true\" aria-invalid=\"false\" placeholder=\"Mensagem\"><\/textarea><\/span><\/div>\n<div class=\"item\"><input type=\"submit\" value=\"Enviar\" class=\"wpcf7-form-control wpcf7-submit btn btn-theme\" \/><\/div>\n<\/div>\n<div class=\"wpcf7-response-output wpcf7-display-none\"><\/div><\/form><\/div>\t\t\t\t\t<\/div>\n\t\t\t\t\t\t<\/div>\n\t\t\t\t<\/div>\n\t\t\t\t<div class=\"elementor-element elementor-element-0ae8985 elementor-widget elementor-widget-spacer\" data-id=\"0ae8985\" data-element_type=\"widget\" data-widget_type=\"spacer.default\">\n\t\t\t\t<div class=\"elementor-widget-container\">\n\t\t\t\t\t<div class=\"elementor-spacer\">\n\t\t\t<div class=\"elementor-spacer-inner\"><\/div>\n\t\t<\/div>\n\t\t\t\t<\/div>\n\t\t\t\t<\/div>\n\t\t\t\t\t\t<\/div>\n\t\t\t\t\t<\/div>\n\t\t<\/div>\n\t\t\t\t\t\t\t\t<\/div>\n\t\t\t\t\t<\/div>\n\t\t<\/section>\n\t\t\t\t\t\t<\/div>\n\t\t\t\t\t\t<\/div>\n\t\t\t\t\t<\/div>\n\t\t","protected":false},"excerpt":{"rendered":"<p>Contato Moda na Web Rua Julio Ribeiro, 32 Loja &#8211; Bonsucesso &#8211; Rio de Janeiro &#8211; RJ &#8211; CEP:21040-330Telefone : (21) 3496-1888WhatsApp : (21) 98235-1163Email : comercial@modanaweb.com.brVeja no MapaComo chegar<\/p>\n","protected":false},"author":1,"featured_media":0,"parent":0,"menu_order":0,"comment_status":"closed","ping_status":"closed","template":"","meta":{"footnotes":""},"yoast_head":"<!-- This site is optimized with the Yoast SEO plugin v14.4.1 - https:\/\/yoast.com\/wordpress\/plugins\/seo\/ -->\n<title>Contato Moda na Web - Roupas no atacado online<\/title>\n<meta name=\"description\" content=\"Vendemos roupas no atacado online para voc\u00ea que quer comprar direto da f\u00e1brica com pre\u00e7o justo e qualidade. Entre em contato com a Moda na Web aqui!\" \/>\n<meta name=\"robots\" content=\"index, follow\" \/>\n<meta name=\"googlebot\" content=\"index, follow, max-snippet:-1, max-image-preview:large, max-video-preview:-1\" \/>\n<meta name=\"bingbot\" content=\"index, follow, max-snippet:-1, max-image-preview:large, max-video-preview:-1\" \/>\n<link rel=\"canonical\" href=\"https:\/\/www.modanaweb.com.br\/site\/contato-moda-na-web\/\" \/>\n<meta property=\"og:locale\" content=\"pt_BR\" \/>\n<meta property=\"og:type\" content=\"article\" \/>\n<meta property=\"og:title\" content=\"Contato Moda na Web - Roupas no atacado online\" \/>\n<meta property=\"og:description\" content=\"Vendemos roupas no atacado online para voc\u00ea que quer comprar direto da f\u00e1brica com pre\u00e7o justo e qualidade. Entre em contato com a Moda na Web aqui!\" \/>\n<meta property=\"og:url\" content=\"https:\/\/www.modanaweb.com.br\/site\/contato-moda-na-web\/\" \/>\n<meta property=\"og:site_name\" content=\"Moda Na Web\" \/>\n<meta property=\"article:publisher\" content=\"https:\/\/www.facebook.com\/Oficial.ModanaWeb\" \/>\n<meta property=\"article:modified_time\" content=\"2023-11-14T13:40:37+00:00\" \/>\n<meta name=\"twitter:card\" content=\"summary_large_image\" \/>\n<meta name=\"twitter:creator\" content=\"@modanaweb\" \/>\n<meta name=\"twitter:site\" content=\"@modanaweb\" \/>\n<script type=\"application\/ld+json\" class=\"yoast-schema-graph\">{\"@context\":\"https:\/\/schema.org\",\"@graph\":[{\"@type\":\"Organization\",\"@id\":\"https:\/\/www.modanaweb.com.br\/site\/#organization\",\"name\":\"Moda Na Web\",\"url\":\"https:\/\/www.modanaweb.com.br\/site\/\",\"sameAs\":[\"https:\/\/www.facebook.com\/Oficial.ModanaWeb\",\"https:\/\/www.instagram.com\/modanaweb\/\",\"https:\/\/www.youtube.com\/@ModaNaWebComercial\",\"https:\/\/br.pinterest.com\/modanaweb\/\",\"https:\/\/twitter.com\/modanaweb\"],\"logo\":{\"@type\":\"ImageObject\",\"@id\":\"https:\/\/www.modanaweb.com.br\/site\/#logo\",\"inLanguage\":\"pt-BR\",\"url\":\"https:\/\/www.modanaweb.com.br\/site\/wp-content\/uploads\/2023\/12\/LogoModaNaWeb130x27.png\",\"width\":201,\"height\":42,\"caption\":\"Moda Na Web\"},\"image\":{\"@id\":\"https:\/\/www.modanaweb.com.br\/site\/#logo\"}},{\"@type\":\"WebSite\",\"@id\":\"https:\/\/www.modanaweb.com.br\/site\/#website\",\"url\":\"https:\/\/www.modanaweb.com.br\/site\/\",\"name\":\"Moda Na Web\",\"description\":\"Roupas para revender - Saiba como comprar roupas no atacado online para revender direto da f\\u00e1brica.\",\"publisher\":{\"@id\":\"https:\/\/www.modanaweb.com.br\/site\/#organization\"},\"potentialAction\":[{\"@type\":\"SearchAction\",\"target\":\"https:\/\/www.modanaweb.com.br\/site\/?s={search_term_string}\",\"query-input\":\"required name=search_term_string\"}],\"inLanguage\":\"pt-BR\"},{\"@type\":\"WebPage\",\"@id\":\"https:\/\/www.modanaweb.com.br\/site\/contato-moda-na-web\/#webpage\",\"url\":\"https:\/\/www.modanaweb.com.br\/site\/contato-moda-na-web\/\",\"name\":\"Contato Moda na Web - Roupas no atacado online\",\"isPartOf\":{\"@id\":\"https:\/\/www.modanaweb.com.br\/site\/#website\"},\"datePublished\":\"2019-03-04T06:53:35+00:00\",\"dateModified\":\"2023-11-14T13:40:37+00:00\",\"description\":\"Vendemos roupas no atacado online para voc\\u00ea que quer comprar direto da f\\u00e1brica com pre\\u00e7o justo e qualidade. Entre em contato com a Moda na Web aqui!\",\"inLanguage\":\"pt-BR\",\"potentialAction\":[{\"@type\":\"ReadAction\",\"target\":[\"https:\/\/www.modanaweb.com.br\/site\/contato-moda-na-web\/\"]}]}]}<\/script>\n<!-- \/ Yoast SEO plugin. -->","_links":{"self":[{"href":"https:\/\/www.modanaweb.com.br\/site\/wp-json\/wp\/v2\/pages\/18"}],"collection":[{"href":"https:\/\/www.modanaweb.com.br\/site\/wp-json\/wp\/v2\/pages"}],"about":[{"href":"https:\/\/www.modanaweb.com.br\/site\/wp-json\/wp\/v2\/types\/page"}],"author":[{"embeddable":true,"href":"https:\/\/www.modanaweb.com.br\/site\/wp-json\/wp\/v2\/users\/1"}],"replies":[{"embeddable":true,"href":"https:\/\/www.modanaweb.com.br\/site\/wp-json\/wp\/v2\/comments?post=18"}],"version-history":[{"count":30,"href":"https:\/\/www.modanaweb.com.br\/site\/wp-json\/wp\/v2\/pages\/18\/revisions"}],"predecessor-version":[{"id":2735,"href":"https:\/\/www.modanaweb.com.br\/site\/wp-json\/wp\/v2\/pages\/18\/revisions\/2735"}],"wp:attachment":[{"href":"https:\/\/www.modanaweb.com.br\/site\/wp-json\/wp\/v2\/media?parent=18"}],"curies":[{"name":"wp","href":"https:\/\/api.w.org\/{rel}","templated":true}]}}