{"id":2292,"date":"2020-04-25T22:13:44","date_gmt":"2020-04-26T01:13:44","guid":{"rendered":"https:\/\/modanaweb.com.br\/site\/?page_id=2292"},"modified":"2020-07-27T15:27:05","modified_gmt":"2020-07-27T18:27:05","slug":"perguntas-e-respostas-sobre-negocios-de-moda","status":"publish","type":"page","link":"https:\/\/www.modanaweb.com.br\/site\/perguntas-e-respostas-sobre-negocios-de-moda\/","title":{"rendered":"Perguntas e Respostas Sobre Neg\u00f3cios de Moda"},"content":{"rendered":"\t\t<div data-elementor-type=\"wp-page\" data-elementor-id=\"2292\" class=\"elementor elementor-2292\" data-elementor-settings=\"[]\">\n\t\t\t\t\t\t<div class=\"elementor-inner\">\n\t\t\t\t\t\t\t<div class=\"elementor-section-wrap\">\n\t\t\t\t\t\t\t<section class=\"elementor-section elementor-top-section elementor-element elementor-element-50a7d44b elementor-section-boxed elementor-section-height-default elementor-section-height-default\" data-id=\"50a7d44b\" data-element_type=\"section\">\n\t\t\t\t\t\t<div class=\"elementor-container elementor-column-gap-default\">\n\t\t\t\t\t\t\t<div class=\"elementor-row\">\n\t\t\t\t\t<div class=\"elementor-column elementor-col-100 elementor-top-column elementor-element elementor-element-57bb2154\" data-id=\"57bb2154\" data-element_type=\"column\">\n\t\t\t<div class=\"elementor-column-wrap elementor-element-populated\">\n\t\t\t\t\t\t\t<div class=\"elementor-widget-wrap\">\n\t\t\t\t\t\t<div class=\"elementor-element elementor-element-5cb9550d elementor-widget elementor-widget-text-editor\" data-id=\"5cb9550d\" data-element_type=\"widget\" data-widget_type=\"text-editor.default\">\n\t\t\t\t<div class=\"elementor-widget-container\">\n\t\t\t\t\t\t\t\t<div class=\"elementor-text-editor elementor-clearfix\">\n\t\t\t\t<p><!-- wp:paragraph --><\/p>\n<h4>Todas as perguntas e respostas sobre neg\u00f3cios de moda voc\u00ea encontra aqui. Tire suas d\u00favidas e veja as d\u00favidas de outras pessoas. Al\u00e9m disso, receba dicas de empreendimento para alavancar suas vendas.\u00a0<\/h4>\n<p><!-- \/wp:paragraph --><\/p>\t\t\t\t\t<\/div>\n\t\t\t\t\t\t<\/div>\n\t\t\t\t<\/div>\n\t\t\t\t\t\t<\/div>\n\t\t\t\t\t<\/div>\n\t\t<\/div>\n\t\t\t\t\t\t\t\t<\/div>\n\t\t\t\t\t<\/div>\n\t\t<\/section>\n\t\t\t\t<section class=\"elementor-section elementor-top-section elementor-element elementor-element-9ee1100 elementor-section-boxed elementor-section-height-default elementor-section-height-default\" data-id=\"9ee1100\" data-element_type=\"section\">\n\t\t\t\t\t\t<div class=\"elementor-container elementor-column-gap-default\">\n\t\t\t\t\t\t\t<div class=\"elementor-row\">\n\t\t\t\t\t<div class=\"elementor-column elementor-col-100 elementor-top-column elementor-element elementor-element-1011cfe\" data-id=\"1011cfe\" data-element_type=\"column\">\n\t\t\t<div class=\"elementor-column-wrap elementor-element-populated\">\n\t\t\t\t\t\t\t<div class=\"elementor-widget-wrap\">\n\t\t\t\t\t\t<div class=\"elementor-element elementor-element-f6643af elementor-widget elementor-widget-text-editor\" data-id=\"f6643af\" data-element_type=\"widget\" data-widget_type=\"text-editor.default\">\n\t\t\t\t<div class=\"elementor-widget-container\">\n\t\t\t\t\t\t\t\t<div class=\"elementor-text-editor elementor-clearfix\">\n\t\t\t\t<h5><span style=\"font-size: small;\">O objetivo desse espa\u00e7o \u00e9 poder lhe ajudar com dicas sobre como montar um neg\u00f3cio de moda. Ou seja, como fazer o seu empreendimento dar certo e por consequ\u00eancia gerar muitos lucros para voc\u00ea.<\/span><span style=\"font-size: small;\">\u00a0Ent\u00e3o, aproveite esse espa\u00e7o destinado a perguntas e respostas sobre neg\u00f3cios de moda.\u00a0<\/span><\/h5>\n<h5><span style=\"font-size: small;\">Sendo assim, traremos aqui dicas de marketing, gest\u00e3o, administra\u00e7\u00e3o financeira, estrat\u00e9gias comerciais e dicas de como estabelecer relacionamentos comerciais que lhe tragam sucesso em seu neg\u00f3cio.<\/span><span style=\"font-size: small;\">\u00a0<\/span><\/h5>\n<p><span style=\"font-size: small;\"><iframe loading=\"lazy\" src=\"https:\/\/docs.google.com\/forms\/d\/e\/1FAIpQLSf7QXZ3nIzOH1jmjc4Kp4hdI1NhJ5pFvRbwPlWFni0ccSdc4Q\/viewform?embedded=true\" width=\"640\" height=\"1368\" frameborder=\"0\">Carregando&amp;amp;amp;amp;amp;hellip;<\/iframe><\/span><\/p>\n<p style=\"text-align: center;\"><a href=\"https:\/\/chat.whatsapp.com\/Fc6eF56ddRcLBoIag4d2hm\" target=\"_blank\" rel=\"noopener\"><img decoding=\"async\" loading=\"lazy\" class=\"img-responsive\" style=\"display: block; margin-left: auto; margin-right: auto;\" title=\"Entre em um de nossos grupos do WhatsApp 5\" src=\"https:\/\/www.modanaweb.com.br\/loja\/product_images\/uploaded_images\/grupo_whatsapp1.jpg\" alt=\"Entre em um de nossos grupos do WhatsApp\" width=\"500\" height=\"100\" \/><\/a><\/p>\t\t\t\t\t<\/div>\n\t\t\t\t\t\t<\/div>\n\t\t\t\t<\/div>\n\t\t\t\t<div class=\"elementor-element elementor-element-c3a50a7 elementor-widget elementor-widget-text-editor\" data-id=\"c3a50a7\" data-element_type=\"widget\" data-widget_type=\"text-editor.default\">\n\t\t\t\t<div class=\"elementor-widget-container\">\n\t\t\t\t\t\t\t\t<div class=\"elementor-text-editor elementor-clearfix\">\n\t\t\t\t\t\t\t\t\t<\/div>\n\t\t\t\t\t\t<\/div>\n\t\t\t\t<\/div>\n\t\t\t\t\t\t<\/div>\n\t\t\t\t\t<\/div>\n\t\t<\/div>\n\t\t\t\t\t\t\t\t<\/div>\n\t\t\t\t\t<\/div>\n\t\t<\/section>\n\t\t\t\t<section class=\"elementor-section elementor-top-section elementor-element elementor-element-728284e elementor-section-boxed elementor-section-height-default elementor-section-height-default\" data-id=\"728284e\" data-element_type=\"section\">\n\t\t\t\t\t\t<div class=\"elementor-container elementor-column-gap-default\">\n\t\t\t\t\t\t\t<div class=\"elementor-row\">\n\t\t\t\t\t<div class=\"elementor-column elementor-col-100 elementor-top-column elementor-element elementor-element-ab5a1ff\" data-id=\"ab5a1ff\" data-element_type=\"column\">\n\t\t\t<div class=\"elementor-column-wrap elementor-element-populated\">\n\t\t\t\t\t\t\t<div class=\"elementor-widget-wrap\">\n\t\t\t\t\t\t<div class=\"elementor-element elementor-element-6e40336 elementor-widget elementor-widget-text-editor\" data-id=\"6e40336\" data-element_type=\"widget\" data-widget_type=\"text-editor.default\">\n\t\t\t\t<div class=\"elementor-widget-container\">\n\t\t\t\t\t\t\t\t<div class=\"elementor-text-editor elementor-clearfix\">\n\t\t\t\t<h5>Qual a forma de obter mercadorias de boa qualidade e bom pre\u00e7o?<\/h5>\n<p>J\u00e9ssica (Jana\u00faba \u2013 MG)<\/p>\n<p>Resposta: Em princ\u00edpio, precisa entender que n\u00e3o existe m\u00e1gica. Ou seja, voc\u00ea jamais encontrar\u00e1 um produto muito barato, com uma qualidade imensa, isso \u00e9 invi\u00e1vel.\u00a0 Afinal, vai contra os princ\u00edpios da qualidade de um produto, custo da m\u00e3o de obra, do tecido, da confec\u00e7\u00e3o, ent\u00e3o \u00e9 um desafio enorme. Pode-se dizer que \u00e9 praticamente imposs\u00edvel encontrar algo nesse sentido.\u00a0<\/p>\n<p>Voc\u00ea vai encontrar produtos bons, de boa qualidade no mercado e com pre\u00e7os justos. Com isso voc\u00ea faz sua marca\u00e7\u00e3o e para que fa\u00e7a boas vendas, precisa ter um diferencial competitivo, atrelado a um bom atendimento, \u00e0 percep\u00e7\u00e3o de valor do produto, da marca que vai colocar no mercado, ent\u00e3o o caminho \u00e9 por a\u00ed.\u00a0<\/p>\n<p>Essa de querer produtos muitos bons a pre\u00e7os muitos baixos pode te levar a cilada de pessoas m\u00e1 intencionadas no mercado e existem bastante, onde o povo compra a mercadoria e n\u00e3o recebe nunca. Dessa forma, voc\u00ea deve ficar bem atenta quanto a isso. D\u00ea uma olhada em nossa loja, a <a href=\"https:\/\/www.modanaweb.com.br\/loja\/\">Moda na Web.<\/a> Temos uma grande variedade de pe\u00e7as a pre\u00e7os bons e qualidade excelente.\u00a0<\/p>\n<p><br \/>Sucesso para voc\u00ea e boa sorte!<\/p>\n<p>&#8212;&#8212;&#8212;&#8212;&#8212;&#8212;-<\/p>\t\t\t\t\t<\/div>\n\t\t\t\t\t\t<\/div>\n\t\t\t\t<\/div>\n\t\t\t\t\t\t<\/div>\n\t\t\t\t\t<\/div>\n\t\t<\/div>\n\t\t\t\t\t\t\t\t<\/div>\n\t\t\t\t\t<\/div>\n\t\t<\/section>\n\t\t\t\t<section class=\"elementor-section elementor-top-section elementor-element elementor-element-adedbb4 elementor-section-boxed elementor-section-height-default elementor-section-height-default\" data-id=\"adedbb4\" data-element_type=\"section\">\n\t\t\t\t\t\t<div class=\"elementor-container elementor-column-gap-default\">\n\t\t\t\t\t\t\t<div class=\"elementor-row\">\n\t\t\t\t\t<div class=\"elementor-column elementor-col-100 elementor-top-column elementor-element elementor-element-f65f97e\" data-id=\"f65f97e\" data-element_type=\"column\">\n\t\t\t<div class=\"elementor-column-wrap elementor-element-populated\">\n\t\t\t\t\t\t\t<div class=\"elementor-widget-wrap\">\n\t\t\t\t\t\t<div class=\"elementor-element elementor-element-1d7a608 elementor-widget elementor-widget-text-editor\" data-id=\"1d7a608\" data-element_type=\"widget\" data-widget_type=\"text-editor.default\">\n\t\t\t\t<div class=\"elementor-widget-container\">\n\t\t\t\t\t\t\t\t<div class=\"elementor-text-editor elementor-clearfix\">\n\t\t\t\t<h5>Nunca trabalhei nesse ramo de roupas, penso em fazer uma loja virtual para obter uma renda extra.<\/h5>\n<p>Thiago Ferreira (Olinda-PE)<\/p>\n<p>Nossa sugest\u00e3o \u00e9 que utilize a loja virtual como um apoio \u00e0s suas vendas de roupas, voc\u00ea monta uma marca e com isso interage com o cliente. Fa\u00e7a uma campanha de marketing de relacionamento bem ativa e utilize sua loja virtual como apoio de sua venda f\u00edsica.&nbsp;<\/p>\n<p>A loja em si compromete muita performance do seu neg\u00f3cio, devido o investimento em m\u00eddias digitais e outros recursos para fazer e movimentar sua loja, o que talvez isso inviabilize o neg\u00f3cio. Sendo assim, sugerimos que estruture a marca e fa\u00e7a um trabalho de campo, onde possa ter um contato com o cliente f\u00edsico.&nbsp;<\/p>\n<p>Dessa forma, \u00e9 v\u00e1lido montar suas redes sociais e sua loja virtual sim, mas tenha ela como um apoio de suas vendas f\u00edsicas.<\/p>\n<p>Muito sucesso para voc\u00ea, boa sorte e bons neg\u00f3cios!<\/p>\n<p>&#8212;&#8212;&#8212;&#8212;&#8212;&#8212;-<\/p>\t\t\t\t\t<\/div>\n\t\t\t\t\t\t<\/div>\n\t\t\t\t<\/div>\n\t\t\t\t\t\t<\/div>\n\t\t\t\t\t<\/div>\n\t\t<\/div>\n\t\t\t\t\t\t\t\t<\/div>\n\t\t\t\t\t<\/div>\n\t\t<\/section>\n\t\t\t\t<section class=\"elementor-section elementor-top-section elementor-element elementor-element-4f84eb4 elementor-section-boxed elementor-section-height-default elementor-section-height-default\" data-id=\"4f84eb4\" data-element_type=\"section\">\n\t\t\t\t\t\t<div class=\"elementor-container elementor-column-gap-default\">\n\t\t\t\t\t\t\t<div class=\"elementor-row\">\n\t\t\t\t\t<div class=\"elementor-column elementor-col-100 elementor-top-column elementor-element elementor-element-83e35da\" data-id=\"83e35da\" data-element_type=\"column\">\n\t\t\t<div class=\"elementor-column-wrap elementor-element-populated\">\n\t\t\t\t\t\t\t<div class=\"elementor-widget-wrap\">\n\t\t\t\t\t\t<div class=\"elementor-element elementor-element-389953e elementor-widget elementor-widget-text-editor\" data-id=\"389953e\" data-element_type=\"widget\" data-widget_type=\"text-editor.default\">\n\t\t\t\t<div class=\"elementor-widget-container\">\n\t\t\t\t\t\t\t\t<div class=\"elementor-text-editor elementor-clearfix\">\n\t\t\t\t<h5>Quero vender roupas em casa.<\/h5>\n<p>Laudiceia (Sericita-MG)<\/p>\n<p>\u00c9 muito interessante vender roupas em casa, voc\u00ea passa a ter um empreendimento o qual n\u00e3o vai fazer muita imobiliza\u00e7\u00e3o de capital, com exce\u00e7\u00e3o da mercadoria que vai comprar para poder est\u00e1 revendendo. Possuindo um ponto comercial em casa, daqui a pouco voc\u00ea est\u00e1 montando uma loja, ainda que seja em sua resid\u00eancia, vai se estruturando, se organizando, em um c\u00f4modo, uma garagem, comece a montar, vai recebendo as clientes em seu lar. Sendo assim, as coisas v\u00e3o fluir, v\u00e3o crescer e aos poucos voc\u00ea vai prosperando e ampliando os neg\u00f3cios.<\/p><p><br>Desejamos muito sucesso!<\/p>\n<p>&#8212;&#8212;&#8212;&#8212;-<\/p>\t\t\t\t\t<\/div>\n\t\t\t\t\t\t<\/div>\n\t\t\t\t<\/div>\n\t\t\t\t\t\t<\/div>\n\t\t\t\t\t<\/div>\n\t\t<\/div>\n\t\t\t\t\t\t\t\t<\/div>\n\t\t\t\t\t<\/div>\n\t\t<\/section>\n\t\t\t\t\t\t<\/div>\n\t\t\t\t\t\t<\/div>\n\t\t\t\t\t<\/div>\n\t\t","protected":false},"excerpt":{"rendered":"<p>Todas as perguntas e respostas sobre neg\u00f3cios de moda voc\u00ea encontra aqui. Tire suas d\u00favidas e veja as d\u00favidas de outras pessoas. Al\u00e9m disso, receba dicas de empreendimento para alavancar suas vendas.\u00a0 O objetivo desse espa\u00e7o \u00e9 poder lhe ajudar com dicas sobre como montar um neg\u00f3cio de moda. Ou seja, como fazer o seu &hellip; <br \/><a href=\"https:\/\/www.modanaweb.com.br\/site\/perguntas-e-respostas-sobre-negocios-de-moda\/\" class=\"more-link\">Continue lendo <span class=\"screen-reader-text\">Perguntas e Respostas Sobre Neg\u00f3cios de Moda<\/span><\/a><\/p>\n","protected":false},"author":1,"featured_media":0,"parent":0,"menu_order":0,"comment_status":"closed","ping_status":"closed","template":"","meta":{"footnotes":""},"yoast_head":"<!-- This site is optimized with the Yoast SEO plugin v14.4.1 - https:\/\/yoast.com\/wordpress\/plugins\/seo\/ -->\n<title>Perguntas e Respostas Sobre Neg\u00f3cios de Moda - Moda Na Web<\/title>\n<meta name=\"description\" content=\"Todas as perguntas e respostas sobre neg\u00f3cios de moda voc\u00ea encontra aqui na Moda na Web. Fale conosco e tire todas as suas d\u00favidas!\" \/>\n<meta name=\"robots\" content=\"index, follow\" \/>\n<meta name=\"googlebot\" content=\"index, follow, max-snippet:-1, max-image-preview:large, max-video-preview:-1\" \/>\n<meta name=\"bingbot\" content=\"index, follow, max-snippet:-1, max-image-preview:large, max-video-preview:-1\" \/>\n<link rel=\"canonical\" href=\"https:\/\/modanaweb.com.br\/site\/perguntas-e-respostas-sobre-negocios-de-moda\/\" \/>\n<meta property=\"og:locale\" content=\"pt_BR\" \/>\n<meta property=\"og:type\" content=\"article\" \/>\n<meta property=\"og:title\" content=\"Perguntas e Respostas Sobre Neg\u00f3cios de Moda - Moda Na Web\" \/>\n<meta property=\"og:description\" content=\"Todas as perguntas e respostas sobre neg\u00f3cios de moda voc\u00ea encontra aqui na Moda na Web. Fale conosco e tire todas as suas d\u00favidas!\" \/>\n<meta property=\"og:url\" content=\"https:\/\/modanaweb.com.br\/site\/perguntas-e-respostas-sobre-negocios-de-moda\/\" \/>\n<meta property=\"og:site_name\" content=\"Moda Na Web\" \/>\n<meta property=\"article:publisher\" content=\"https:\/\/www.facebook.com\/Oficial.ModanaWeb\" \/>\n<meta property=\"article:modified_time\" content=\"2020-07-27T18:27:05+00:00\" \/>\n<meta property=\"og:image\" content=\"https:\/\/www.modanaweb.com.br\/loja\/product_images\/uploaded_images\/grupo_whatsapp1.jpg\" \/>\n<meta name=\"twitter:card\" content=\"summary_large_image\" \/>\n<meta name=\"twitter:creator\" content=\"@modanaweb\" \/>\n<meta name=\"twitter:site\" content=\"@modanaweb\" \/>\n<script type=\"application\/ld+json\" class=\"yoast-schema-graph\">{\"@context\":\"https:\/\/schema.org\",\"@graph\":[{\"@type\":\"Organization\",\"@id\":\"https:\/\/www.modanaweb.com.br\/site\/#organization\",\"name\":\"Moda Na Web\",\"url\":\"https:\/\/www.modanaweb.com.br\/site\/\",\"sameAs\":[\"https:\/\/www.facebook.com\/Oficial.ModanaWeb\",\"https:\/\/www.instagram.com\/modanaweb\/\",\"https:\/\/www.youtube.com\/@ModaNaWebComercial\",\"https:\/\/br.pinterest.com\/modanaweb\/\",\"https:\/\/twitter.com\/modanaweb\"],\"logo\":{\"@type\":\"ImageObject\",\"@id\":\"https:\/\/www.modanaweb.com.br\/site\/#logo\",\"inLanguage\":\"pt-BR\",\"url\":\"https:\/\/www.modanaweb.com.br\/site\/wp-content\/uploads\/2023\/12\/LogoModaNaWeb130x27.png\",\"width\":201,\"height\":42,\"caption\":\"Moda Na Web\"},\"image\":{\"@id\":\"https:\/\/www.modanaweb.com.br\/site\/#logo\"}},{\"@type\":\"WebSite\",\"@id\":\"https:\/\/www.modanaweb.com.br\/site\/#website\",\"url\":\"https:\/\/www.modanaweb.com.br\/site\/\",\"name\":\"Moda Na Web\",\"description\":\"Roupas para revender - Saiba como comprar roupas no atacado online para revender direto da f\\u00e1brica.\",\"publisher\":{\"@id\":\"https:\/\/www.modanaweb.com.br\/site\/#organization\"},\"potentialAction\":[{\"@type\":\"SearchAction\",\"target\":\"https:\/\/www.modanaweb.com.br\/site\/?s={search_term_string}\",\"query-input\":\"required name=search_term_string\"}],\"inLanguage\":\"pt-BR\"},{\"@type\":\"ImageObject\",\"@id\":\"https:\/\/modanaweb.com.br\/site\/perguntas-e-respostas-sobre-negocios-de-moda\/#primaryimage\",\"inLanguage\":\"pt-BR\",\"url\":\"https:\/\/www.modanaweb.com.br\/loja\/product_images\/uploaded_images\/grupo_whatsapp1.jpg\"},{\"@type\":\"WebPage\",\"@id\":\"https:\/\/modanaweb.com.br\/site\/perguntas-e-respostas-sobre-negocios-de-moda\/#webpage\",\"url\":\"https:\/\/modanaweb.com.br\/site\/perguntas-e-respostas-sobre-negocios-de-moda\/\",\"name\":\"Perguntas e Respostas Sobre Neg\\u00f3cios de Moda - Moda Na Web\",\"isPartOf\":{\"@id\":\"https:\/\/www.modanaweb.com.br\/site\/#website\"},\"primaryImageOfPage\":{\"@id\":\"https:\/\/modanaweb.com.br\/site\/perguntas-e-respostas-sobre-negocios-de-moda\/#primaryimage\"},\"datePublished\":\"2020-04-26T01:13:44+00:00\",\"dateModified\":\"2020-07-27T18:27:05+00:00\",\"description\":\"Todas as perguntas e respostas sobre neg\\u00f3cios de moda voc\\u00ea encontra aqui na Moda na Web. Fale conosco e tire todas as suas d\\u00favidas!\",\"inLanguage\":\"pt-BR\",\"potentialAction\":[{\"@type\":\"ReadAction\",\"target\":[\"https:\/\/modanaweb.com.br\/site\/perguntas-e-respostas-sobre-negocios-de-moda\/\"]}]}]}<\/script>\n<!-- \/ Yoast SEO plugin. -->","_links":{"self":[{"href":"https:\/\/www.modanaweb.com.br\/site\/wp-json\/wp\/v2\/pages\/2292"}],"collection":[{"href":"https:\/\/www.modanaweb.com.br\/site\/wp-json\/wp\/v2\/pages"}],"about":[{"href":"https:\/\/www.modanaweb.com.br\/site\/wp-json\/wp\/v2\/types\/page"}],"author":[{"embeddable":true,"href":"https:\/\/www.modanaweb.com.br\/site\/wp-json\/wp\/v2\/users\/1"}],"replies":[{"embeddable":true,"href":"https:\/\/www.modanaweb.com.br\/site\/wp-json\/wp\/v2\/comments?post=2292"}],"version-history":[{"count":36,"href":"https:\/\/www.modanaweb.com.br\/site\/wp-json\/wp\/v2\/pages\/2292\/revisions"}],"predecessor-version":[{"id":2646,"href":"https:\/\/www.modanaweb.com.br\/site\/wp-json\/wp\/v2\/pages\/2292\/revisions\/2646"}],"wp:attachment":[{"href":"https:\/\/www.modanaweb.com.br\/site\/wp-json\/wp\/v2\/media?parent=2292"}],"curies":[{"name":"wp","href":"https:\/\/api.w.org\/{rel}","templated":true}]}}