{"id":315,"date":"2019-03-08T08:43:48","date_gmt":"2019-03-08T11:43:48","guid":{"rendered":"http:\/\/demoapus-wp.com\/cityo\/place\/?post_type=product&#038;p=315"},"modified":"2025-01-06T14:20:47","modified_gmt":"2025-01-06T17:20:47","slug":"premium","status":"publish","type":"product","link":"https:\/\/www.modanaweb.com.br\/site\/product\/premium\/","title":{"rendered":"Premium"},"content":{"rendered":"<p>Nesse site tudo foi criado pela Moda Na Web na inten\u00e7\u00e3o de ajudar as empresas, micro, pequenos e grandes empreendimentos e acima de tudo as pessoas que trabalham nesse mercado e necessitam dele funcionando.<br \/>\nAcreditamos na nossa responsabilidade em ajudar a manter o ecosistema do mercado da moda funcioando e por isso temos an\u00fancios GR\u00c1TIS.<\/p>\n<p>Acreditamos tamb\u00e9m que todos juntos podem fazer a diferen\u00e7a para atender ao menos favorecidos, por isso aos que simpatizarem pela causa, poder\u00e3o ajudar nos an\u00fancios pagos.<br \/>\nAn\u00fancios pagos, ter\u00e3o 50% da sua receita destinada \u00e0 compra de cestas b\u00e1sicas para distribui\u00e7\u00e3o \u00e0 pessoas necessitadas e os outros 50% na ajuda, para manuten\u00e7\u00e3o do site.<\/p>\n<p>&nbsp;<\/p>\n<p><iframe loading=\"lazy\" src=\"https:\/\/www.youtube.com\/embed\/VwUUq3nQWIU\" width=\"560\" height=\"315\" frameborder=\"0\" allowfullscreen=\"allowfullscreen\"><\/iframe><\/p>\n","protected":false},"excerpt":{"rendered":"<ul class=\"list-featured\">\n<li>At\u00e9 15 anuncios diferentes<\/li>\n<li>At\u00e9 40 fotos por anuncio<\/li>\n<li>120 dias de exposi\u00e7\u00e3o<\/li>\n<li><span style=\"vertical-align: inherit;\"><span style=\"vertical-align: inherit;\">Seus Endere\u00e7os<\/span><\/span><\/li>\n<li><span style=\"vertical-align: inherit;\"><span style=\"vertical-align: inherit;\">Seus Contatos<\/span><\/span><\/li>\n<li><strong>SOMENTE PARA FABRICANTES<\/strong><\/li>\n<\/ul>\n","protected":false},"featured_media":1749,"template":"","meta":[],"yoast_head":"<!-- This site is optimized with the Yoast SEO plugin v14.4.1 - https:\/\/yoast.com\/wordpress\/plugins\/seo\/ -->\n<title>Premium - Moda Na Web<\/title>\n<meta name=\"robots\" content=\"index, follow\" \/>\n<meta name=\"googlebot\" content=\"index, follow, max-snippet:-1, max-image-preview:large, max-video-preview:-1\" \/>\n<meta name=\"bingbot\" content=\"index, follow, max-snippet:-1, max-image-preview:large, max-video-preview:-1\" \/>\n<link rel=\"canonical\" href=\"https:\/\/www.modanaweb.com.br\/site\/product\/premium\/\" \/>\n<meta property=\"og:locale\" content=\"pt_BR\" \/>\n<meta property=\"og:type\" content=\"article\" \/>\n<meta property=\"og:title\" content=\"Premium - Moda Na Web\" \/>\n<meta property=\"og:description\" content=\"At\u00e9 15 anuncios diferentes  At\u00e9 40 fotos por anuncio  120 dias de exposi\u00e7\u00e3o  Seus Endere\u00e7os  Seus Contatos  SOMENTE PARA FABRICANTES\" \/>\n<meta property=\"og:url\" content=\"https:\/\/www.modanaweb.com.br\/site\/product\/premium\/\" \/>\n<meta property=\"og:site_name\" content=\"Moda Na Web\" \/>\n<meta property=\"article:publisher\" content=\"https:\/\/www.facebook.com\/Oficial.ModanaWeb\" \/>\n<meta property=\"article:modified_time\" content=\"2025-01-06T17:20:47+00:00\" \/>\n<meta property=\"og:image\" content=\"https:\/\/www.modanaweb.com.br\/site\/wp-content\/uploads\/2019\/03\/PREMIUM.jpg\" \/>\n\t<meta property=\"og:image:width\" content=\"825\" \/>\n\t<meta property=\"og:image:height\" content=\"510\" \/>\n<meta name=\"twitter:card\" content=\"summary_large_image\" \/>\n<meta name=\"twitter:creator\" content=\"@modanaweb\" \/>\n<meta name=\"twitter:site\" content=\"@modanaweb\" \/>\n<script type=\"application\/ld+json\" class=\"yoast-schema-graph\">{\"@context\":\"https:\/\/schema.org\",\"@graph\":[{\"@type\":\"Organization\",\"@id\":\"https:\/\/www.modanaweb.com.br\/site\/#organization\",\"name\":\"Moda Na Web\",\"url\":\"https:\/\/www.modanaweb.com.br\/site\/\",\"sameAs\":[\"https:\/\/www.facebook.com\/Oficial.ModanaWeb\",\"https:\/\/www.instagram.com\/modanaweb\/\",\"https:\/\/www.youtube.com\/@ModaNaWebComercial\",\"https:\/\/br.pinterest.com\/modanaweb\/\",\"https:\/\/twitter.com\/modanaweb\"],\"logo\":{\"@type\":\"ImageObject\",\"@id\":\"https:\/\/www.modanaweb.com.br\/site\/#logo\",\"inLanguage\":\"pt-BR\",\"url\":\"https:\/\/www.modanaweb.com.br\/site\/wp-content\/uploads\/2023\/12\/LogoModaNaWeb130x27.png\",\"width\":201,\"height\":42,\"caption\":\"Moda Na Web\"},\"image\":{\"@id\":\"https:\/\/www.modanaweb.com.br\/site\/#logo\"}},{\"@type\":\"WebSite\",\"@id\":\"https:\/\/www.modanaweb.com.br\/site\/#website\",\"url\":\"https:\/\/www.modanaweb.com.br\/site\/\",\"name\":\"Moda Na Web\",\"description\":\"Roupas para revender - Saiba como comprar roupas no atacado online para revender direto da f\\u00e1brica.\",\"publisher\":{\"@id\":\"https:\/\/www.modanaweb.com.br\/site\/#organization\"},\"potentialAction\":[{\"@type\":\"SearchAction\",\"target\":\"https:\/\/www.modanaweb.com.br\/site\/?s={search_term_string}\",\"query-input\":\"required name=search_term_string\"}],\"inLanguage\":\"pt-BR\"},{\"@type\":\"ImageObject\",\"@id\":\"https:\/\/www.modanaweb.com.br\/site\/product\/premium\/#primaryimage\",\"inLanguage\":\"pt-BR\",\"url\":\"https:\/\/www.modanaweb.com.br\/site\/wp-content\/uploads\/2019\/03\/PREMIUM.jpg\",\"width\":825,\"height\":510},{\"@type\":\"WebPage\",\"@id\":\"https:\/\/www.modanaweb.com.br\/site\/product\/premium\/#webpage\",\"url\":\"https:\/\/www.modanaweb.com.br\/site\/product\/premium\/\",\"name\":\"Premium - Moda Na Web\",\"isPartOf\":{\"@id\":\"https:\/\/www.modanaweb.com.br\/site\/#website\"},\"primaryImageOfPage\":{\"@id\":\"https:\/\/www.modanaweb.com.br\/site\/product\/premium\/#primaryimage\"},\"datePublished\":\"2019-03-08T11:43:48+00:00\",\"dateModified\":\"2025-01-06T17:20:47+00:00\",\"inLanguage\":\"pt-BR\",\"potentialAction\":[{\"@type\":\"ReadAction\",\"target\":[\"https:\/\/www.modanaweb.com.br\/site\/product\/premium\/\"]}]}]}<\/script>\n<!-- \/ Yoast SEO plugin. -->","_links":{"self":[{"href":"https:\/\/www.modanaweb.com.br\/site\/wp-json\/wp\/v2\/product\/315"}],"collection":[{"href":"https:\/\/www.modanaweb.com.br\/site\/wp-json\/wp\/v2\/product"}],"about":[{"href":"https:\/\/www.modanaweb.com.br\/site\/wp-json\/wp\/v2\/types\/product"}],"wp:featuredmedia":[{"embeddable":true,"href":"https:\/\/www.modanaweb.com.br\/site\/wp-json\/wp\/v2\/media\/1749"}],"wp:attachment":[{"href":"https:\/\/www.modanaweb.com.br\/site\/wp-json\/wp\/v2\/media?parent=315"}],"curies":[{"name":"wp","href":"https:\/\/api.w.org\/{rel}","templated":true}]}}