{"id":318,"date":"2019-03-08T08:56:07","date_gmt":"2019-03-08T11:56:07","guid":{"rendered":"http:\/\/demoapus-wp.com\/cityo\/place\/?post_type=product&#038;p=318"},"modified":"2025-06-03T11:42:28","modified_gmt":"2025-06-03T14:42:28","slug":"basico-gratis","status":"publish","type":"product","link":"https:\/\/www.modanaweb.com.br\/site\/product\/basico-gratis\/","title":{"rendered":"B\u00e1sico &#8211; Gr\u00e1tis"},"content":{"rendered":"<p>Nesse site tudo foi criado pela Moda Na Web na inten\u00e7\u00e3o de ajudar as empresas, micro, pequenos e grandes empreendimentos e acima de tudo as pessoas que trabalham nesse mercado e necessitam dele funcionando.<br \/>\nAcreditamos na nossa responsabilidade em ajudar a manter o ecosistema do mercado da moda funcioando e por isso temos an\u00fancios GR\u00c1TIS.<\/p>\n<p>Anuncie seus produtos e sua marca, cres\u00e7a, gere empregos, movimento seu mercado.<\/p>\n<p><strong>Veja o tutorial abaixo de como anunciar gratuitamente na Moda Na Web &#8211; F\u00e1cil, R\u00e1pido e Lucrativo<\/strong><\/p>\n<p><iframe loading=\"lazy\" src=\"https:\/\/www.youtube.com\/embed\/VwUUq3nQWIU\" width=\"560\" height=\"315\" frameborder=\"0\" allowfullscreen=\"allowfullscreen\"><\/iframe><\/p>\n","protected":false},"excerpt":{"rendered":"<ul class=\"list-featured\">\n<li>At\u00e9 1 anuncio diferente<\/li>\n<li>At\u00e9 05 fotos por anuncio<\/li>\n<li>60 dias de exposi\u00e7\u00e3o<\/li>\n<li><span style=\"vertical-align: inherit;\"><span style=\"vertical-align: inherit;\">Seus Endere\u00e7os<\/span><\/span><\/li>\n<li><span style=\"vertical-align: inherit;\"><span style=\"vertical-align: inherit;\">Seus Contatos<\/span><\/span><\/li>\n<li><strong>SOMENTE PARA FABRICANTES<\/strong><\/li>\n<\/ul>\n","protected":false},"featured_media":1751,"template":"","meta":[],"yoast_head":"<!-- This site is optimized with the Yoast SEO plugin v14.4.1 - https:\/\/yoast.com\/wordpress\/plugins\/seo\/ -->\n<title>B\u00e1sico - Gr\u00e1tis - Moda Na Web<\/title>\n<meta name=\"robots\" content=\"index, follow\" \/>\n<meta name=\"googlebot\" content=\"index, follow, max-snippet:-1, max-image-preview:large, max-video-preview:-1\" \/>\n<meta name=\"bingbot\" content=\"index, follow, max-snippet:-1, max-image-preview:large, max-video-preview:-1\" \/>\n<link rel=\"canonical\" href=\"https:\/\/www.modanaweb.com.br\/site\/product\/basico-gratis\/\" \/>\n<meta property=\"og:locale\" content=\"pt_BR\" \/>\n<meta property=\"og:type\" content=\"article\" \/>\n<meta property=\"og:title\" content=\"B\u00e1sico - Gr\u00e1tis - Moda Na Web\" \/>\n<meta property=\"og:description\" content=\"At\u00e9 1 anuncio diferente  At\u00e9 05 fotos por anuncio  60 dias de exposi\u00e7\u00e3o  Seus Endere\u00e7os  Seus Contatos  SOMENTE PARA FABRICANTES\" \/>\n<meta property=\"og:url\" content=\"https:\/\/www.modanaweb.com.br\/site\/product\/basico-gratis\/\" \/>\n<meta property=\"og:site_name\" content=\"Moda Na Web\" \/>\n<meta property=\"article:publisher\" content=\"https:\/\/www.facebook.com\/Oficial.ModanaWeb\" \/>\n<meta property=\"article:modified_time\" content=\"2025-06-03T14:42:28+00:00\" \/>\n<meta property=\"og:image\" content=\"https:\/\/www.modanaweb.com.br\/site\/wp-content\/uploads\/2019\/03\/basico-gratis.jpg\" \/>\n\t<meta property=\"og:image:width\" content=\"825\" \/>\n\t<meta property=\"og:image:height\" content=\"510\" \/>\n<meta name=\"twitter:card\" content=\"summary_large_image\" \/>\n<meta name=\"twitter:creator\" content=\"@modanaweb\" \/>\n<meta name=\"twitter:site\" content=\"@modanaweb\" \/>\n<script type=\"application\/ld+json\" class=\"yoast-schema-graph\">{\"@context\":\"https:\/\/schema.org\",\"@graph\":[{\"@type\":\"Organization\",\"@id\":\"https:\/\/www.modanaweb.com.br\/site\/#organization\",\"name\":\"Moda Na Web\",\"url\":\"https:\/\/www.modanaweb.com.br\/site\/\",\"sameAs\":[\"https:\/\/www.facebook.com\/Oficial.ModanaWeb\",\"https:\/\/www.instagram.com\/modanaweb\/\",\"https:\/\/www.youtube.com\/@ModaNaWebComercial\",\"https:\/\/br.pinterest.com\/modanaweb\/\",\"https:\/\/twitter.com\/modanaweb\"],\"logo\":{\"@type\":\"ImageObject\",\"@id\":\"https:\/\/www.modanaweb.com.br\/site\/#logo\",\"inLanguage\":\"pt-BR\",\"url\":\"https:\/\/www.modanaweb.com.br\/site\/wp-content\/uploads\/2023\/12\/LogoModaNaWeb130x27.png\",\"width\":201,\"height\":42,\"caption\":\"Moda Na Web\"},\"image\":{\"@id\":\"https:\/\/www.modanaweb.com.br\/site\/#logo\"}},{\"@type\":\"WebSite\",\"@id\":\"https:\/\/www.modanaweb.com.br\/site\/#website\",\"url\":\"https:\/\/www.modanaweb.com.br\/site\/\",\"name\":\"Moda Na Web\",\"description\":\"Roupas para revender - Saiba como comprar roupas no atacado online para revender direto da f\\u00e1brica.\",\"publisher\":{\"@id\":\"https:\/\/www.modanaweb.com.br\/site\/#organization\"},\"potentialAction\":[{\"@type\":\"SearchAction\",\"target\":\"https:\/\/www.modanaweb.com.br\/site\/?s={search_term_string}\",\"query-input\":\"required name=search_term_string\"}],\"inLanguage\":\"pt-BR\"},{\"@type\":\"ImageObject\",\"@id\":\"https:\/\/www.modanaweb.com.br\/site\/product\/basico-gratis\/#primaryimage\",\"inLanguage\":\"pt-BR\",\"url\":\"https:\/\/www.modanaweb.com.br\/site\/wp-content\/uploads\/2019\/03\/basico-gratis.jpg\",\"width\":825,\"height\":510},{\"@type\":\"WebPage\",\"@id\":\"https:\/\/www.modanaweb.com.br\/site\/product\/basico-gratis\/#webpage\",\"url\":\"https:\/\/www.modanaweb.com.br\/site\/product\/basico-gratis\/\",\"name\":\"B\\u00e1sico - Gr\\u00e1tis - Moda Na Web\",\"isPartOf\":{\"@id\":\"https:\/\/www.modanaweb.com.br\/site\/#website\"},\"primaryImageOfPage\":{\"@id\":\"https:\/\/www.modanaweb.com.br\/site\/product\/basico-gratis\/#primaryimage\"},\"datePublished\":\"2019-03-08T11:56:07+00:00\",\"dateModified\":\"2025-06-03T14:42:28+00:00\",\"inLanguage\":\"pt-BR\",\"potentialAction\":[{\"@type\":\"ReadAction\",\"target\":[\"https:\/\/www.modanaweb.com.br\/site\/product\/basico-gratis\/\"]}]}]}<\/script>\n<!-- \/ Yoast SEO plugin. -->","_links":{"self":[{"href":"https:\/\/www.modanaweb.com.br\/site\/wp-json\/wp\/v2\/product\/318"}],"collection":[{"href":"https:\/\/www.modanaweb.com.br\/site\/wp-json\/wp\/v2\/product"}],"about":[{"href":"https:\/\/www.modanaweb.com.br\/site\/wp-json\/wp\/v2\/types\/product"}],"wp:featuredmedia":[{"embeddable":true,"href":"https:\/\/www.modanaweb.com.br\/site\/wp-json\/wp\/v2\/media\/1751"}],"wp:attachment":[{"href":"https:\/\/www.modanaweb.com.br\/site\/wp-json\/wp\/v2\/media?parent=318"}],"curies":[{"name":"wp","href":"https:\/\/api.w.org\/{rel}","templated":true}]}}